{"id":2984,"date":"2019-12-17T17:25:48","date_gmt":"2019-12-17T13:25:48","guid":{"rendered":"https:\/\/wmp.ge\/wmp2\/?page_id=2984"},"modified":"2019-12-18T18:09:08","modified_gmt":"2019-12-18T14:09:08","slug":"rivers-and-black-sea-pollution","status":"publish","type":"page","link":"https:\/\/wmp.ge\/wmp2\/rivers-and-black-sea-pollution\/","title":{"rendered":"RIVERS AND BLACK SEA POLLUTION \/ \u10db\u10d3\u10d8\u10dc\u10d0\u10e0\u10d4\u10d4\u10d1\u10d8\u10e1\u10d0 \u10d3\u10d0 \u10e8\u10d0\u10d5\u10d8 \u10d6\u10e6\u10d5\u10d8\u10e1  \u10d3\u10d0\u10d1\u10d8\u10dc\u10eb\u10e3\u10e0\u10d4\u10d1\u10d0 \/ R\u00e2urile \u0219i poluarea din Marea Neagr\u0103"},"content":{"rendered":"<h4><a href=\"https:\/\/wmp.ge\/wmp2\/wp-content\/uploads\/2019\/12\/\u10e8\u10d0\u10d5\u10d8-\u10d6\u10e6\u10d5\u10d8\u10e1-\u10d2\u10d0\u10e0\u10d4\u10db\u10dd\u10e1\u10d3\u10d0\u10ea\u10d5\u10d8\u10d7\u10d8-\u10e1\u10d0\u10d9\u10d8\u10d7\u10ee\u10d4\u10d1\u10d8.pdf\"><strong>\u10e8\u10d0\u10d5\u10d8 \u10d6\u10e6\u10d5\u10d8\u10e1 \u10d2\u10d0\u10e0\u10d4\u10db\u10dd\u10e1\u10d3\u10d0\u10ea\u10d5\u10d8\u10d7\u10d8 \u10e1\u10d0\u10d9\u10d8\u10d7\u10ee\u10d4\u10d1\u10d8<\/strong><\/a><\/h4>\n<h4><strong><a href=\"https:\/\/wmp.ge\/wmp2\/wp-content\/uploads\/2019\/12\/Problemele-de-Mediu-ale-M\u0103rii-Negre-.pdf\">Problemele de Mediu ale M\u0103rii Negre<\/a><\/strong><\/h4>\n<h4><strong><a href=\"https:\/\/wmp.ge\/wmp2\/wp-content\/uploads\/2019\/12\/\u10e8\u10d0\u10d5\u10d8-\u10d6\u10e6\u10d5\u10d8\u10e1-\u10d3\u10d0\u10d1\u10d8\u10dc\u10eb\u10e3\u10e0\u10d4\u10d1\u10d8\u10e1\u10d2\u10d0\u10dc-\u10d3\u10d0\u10ea\u10d5\u10d8\u10e1-\u10d9\u10dd\u10dc\u10d5\u10d4\u10dc\u10ea\u10d8\u10d0-\u10d1\u10e3\u10e5\u10d0\u10e0\u10d4\u10e1\u10e2\u10d8\u10e1-\u10d9\u10dd\u10dc\u10d5\u10d4\u10dc\u10ea\u10d8\u10d0.pdf\">\u10e8\u10d0\u10d5\u10d8 \u10d6\u10e6\u10d5\u10d8\u10e1 \u10d3\u10d0\u10d1\u10d8\u10dc\u10eb\u10e3\u10e0\u10d4\u10d1\u10d8\u10e1\u10d2\u10d0\u10dc \u10d3\u10d0\u10ea\u10d5\u10d8\u10e1 \u10d9\u10dd\u10dc\u10d5\u10d4\u10dc\u10ea\u10d8\u10d0 &#8211; \u10d1\u10e3\u10e5\u10d0\u10e0\u10d4\u10e1\u10e2\u10d8\u10e1 \u10d9\u10dd\u10dc\u10d5\u10d4\u10dc\u10ea\u10d8\u10d0<\/a><\/strong><\/h4>\n<h4><strong><a href=\"https:\/\/wmp.ge\/wmp2\/wp-content\/uploads\/2019\/12\/Conven\u021bia-privind-Protec\u021bia-M\u0103rii-Negre-\u00cempotriva-Polu\u0103rii-.pdf\">Conven\u021bia privind Protec\u021bia M\u0103rii Negre \u00cempotriva Polu\u0103rii<\/a><\/strong><\/h4>\n<h4><strong><a href=\"https:\/\/wmp.ge\/wmp2\/wp-content\/uploads\/2019\/12\/\u10e1\u10d0\u10e5\u10d0\u10e0\u10d7\u10d5\u10d4\u10da\u10dd\u10e1-\u10ec\u10e7\u10da\u10d8\u10e1-\u10e0\u10d4\u10e1\u10e3\u10e0\u10e1\u10d4\u10d1\u10d8-\u10d3\u10d0-\u10d2\u10d0\u10e0\u10d4\u10db\u10dd\u10e1\u10d3\u10d0\u10ea\u10d5\u10d8\u10d7\u10d8-\u10e1\u10d0\u10d9\u10d8\u10d7\u10ee\u10d4\u10d1\u10d8.pdf\">\u10e1\u10d0\u10e5\u10d0\u10e0\u10d7\u10d5\u10d4\u10da\u10dd\u10e1 \u10ec\u10e7\u10da\u10d8\u10e1 \u10e0\u10d4\u10e1\u10e3\u10e0\u10e1\u10d4\u10d1\u10d8 \u10d3\u10d0 \u10d2\u10d0\u10e0\u10d4\u10db\u10dd\u10e1\u10d3\u10d0\u10ea\u10d5\u10d8\u10d7\u10d8 \u10e1\u10d0\u10d9\u10d8\u10d7\u10ee\u10d4\u10d1\u10d8<\/a><\/strong><\/h4>\n<h4><strong><a href=\"https:\/\/wmp.ge\/wmp2\/wp-content\/uploads\/2019\/12\/Resursele-acvatice-ale-Republicii-Moldova-\u0219i-probleme-de-mediu-.pdf\">Resursele acvatice ale Republicii Moldova \u0219i probleme de mediu<\/a><\/strong><\/h4>\n","protected":false},"excerpt":{"rendered":"<p>\u10e8\u10d0\u10d5\u10d8 \u10d6\u10e6\u10d5\u10d8\u10e1 \u10d2\u10d0\u10e0\u10d4\u10db\u10dd\u10e1\u10d3\u10d0\u10ea\u10d5\u10d8\u10d7\u10d8 \u10e1\u10d0\u10d9\u10d8\u10d7\u10ee\u10d4\u10d1\u10d8 Problemele de Mediu ale M\u0103rii Negre \u10e8\u10d0\u10d5\u10d8 \u10d6\u10e6\u10d5\u10d8\u10e1 \u10d3\u10d0\u10d1\u10d8\u10dc\u10eb\u10e3\u10e0\u10d4\u10d1\u10d8\u10e1\u10d2\u10d0\u10dc \u10d3\u10d0\u10ea\u10d5\u10d8\u10e1 \u10d9\u10dd\u10dc\u10d5\u10d4\u10dc\u10ea\u10d8\u10d0 &#8211; \u10d1\u10e3\u10e5\u10d0\u10e0\u10d4\u10e1\u10e2\u10d8\u10e1 \u10d9\u10dd\u10dc\u10d5\u10d4\u10dc\u10ea\u10d8\u10d0 Conven\u021bia privind Protec\u021bia M\u0103rii Negre \u00cempotriva Polu\u0103rii \u10e1\u10d0\u10e5\u10d0\u10e0\u10d7\u10d5\u10d4\u10da\u10dd\u10e1 \u10ec\u10e7\u10da\u10d8\u10e1 \u10e0\u10d4\u10e1\u10e3\u10e0\u10e1\u10d4\u10d1\u10d8 \u10d3\u10d0 \u10d2\u10d0\u10e0\u10d4\u10db\u10dd\u10e1\u10d3\u10d0\u10ea\u10d5\u10d8\u10d7\u10d8 \u10e1\u10d0\u10d9\u10d8\u10d7\u10ee\u10d4\u10d1\u10d8 Resursele acvatice ale Republicii Moldova \u0219i probleme de mediu<\/p>\n","protected":false},"author":2,"featured_media":0,"parent":0,"menu_order":0,"comment_status":"closed","ping_status":"closed","template":"","meta":{"ngg_post_thumbnail":0,"footnotes":""},"class_list":["post-2984","page","type-page","status-publish","hentry","no-post-thumbnail"],"_links":{"self":[{"href":"https:\/\/wmp.ge\/wmp2\/wp-json\/wp\/v2\/pages\/2984","targetHints":{"allow":["GET"]}}],"collection":[{"href":"https:\/\/wmp.ge\/wmp2\/wp-json\/wp\/v2\/pages"}],"about":[{"href":"https:\/\/wmp.ge\/wmp2\/wp-json\/wp\/v2\/types\/page"}],"author":[{"embeddable":true,"href":"https:\/\/wmp.ge\/wmp2\/wp-json\/wp\/v2\/users\/2"}],"replies":[{"embeddable":true,"href":"https:\/\/wmp.ge\/wmp2\/wp-json\/wp\/v2\/comments?post=2984"}],"version-history":[{"count":0,"href":"https:\/\/wmp.ge\/wmp2\/wp-json\/wp\/v2\/pages\/2984\/revisions"}],"wp:attachment":[{"href":"https:\/\/wmp.ge\/wmp2\/wp-json\/wp\/v2\/media?parent=2984"}],"curies":[{"name":"wp","href":"https:\/\/api.w.org\/{rel}","templated":true}]}}